{"id":29498,"date":"2017-02-14T17:35:31","date_gmt":"2017-02-14T16:35:31","guid":{"rendered":"http:\/\/www.mfm.it\/terms-conditions\/"},"modified":"2022-09-06T20:35:30","modified_gmt":"2022-09-06T18:35:30","slug":"terms-conditions","status":"publish","type":"page","link":"https:\/\/www.mfm.it\/en\/terms-conditions\/","title":{"rendered":"TERMS &#038; CONDITIONS &#8211; ENG"},"content":{"rendered":"<\/div><\/div><\/div><!-- close content main div --><\/div><\/div><div id='av_section_1' class='avia-section main_color avia-section-default avia-no-shadow avia-bg-style-scroll   container_wrap fullsize' style = 'background-color: #ffffff; '  ><div class='container' ><div class='template-page content  av-content-full alpha units'><div class='post-entry post-entry-type-page post-entry-29498'><div class='entry-content-wrapper clearfix'>\n<div style='padding-bottom:10px;' class='av-special-heading av-special-heading-h1     '><h1 class='av-special-heading-tag '  itemprop=\"headline\"  >TERMS <span class='special_amp'>&amp;<\/span> CONDITIONS<\/h1><div class='special-heading-border'><div class='special-heading-inner-border' ><\/div><\/div><\/div>\n<div class=\"flex_column av_one_fifth  flex_column_div av-zero-column-padding first  \" style='border-radius:0px; '><\/div><div class=\"flex_column av_three_fifth  flex_column_div av-zero-column-padding   \" style='border-radius:0px; '><section class=\"av_textblock_section \"  itemscope=\"itemscope\" itemtype=\"https:\/\/schema.org\/CreativeWork\" ><div class='avia_textblock  av_inherit_color '  style='color:#000000; '  itemprop=\"text\" ><div class=\"gold\"><span style=\"color: #e0b13a;\">PRIVACY<\/span><br \/>\n<span style=\"color: #e0b13a;\"> INFORMATIVA AI SENSI DEL D.LGS. 30 GIUGNO 2003 N\u00b0196<\/span><\/div>\n<p>I dati personali di cui sopra sono trattati, nell&#8217;ambito dell&#8217;attivit\u00e0 della nostra societ\u00e0, per le seguenti finalit\u00e0:<br \/>\n1) finalit\u00e0 strettamente connesse e strumentali alla gestione dei rapporti con il compilante (statistiche interne, feed back di gradimento, acquisizioni preliminari di informazioni dirette alla conclusione di un contratto o alla fornitura di un servizio, ecc.);<br \/>\n2) finalit\u00e0 connesse agli obblighi previsti dalle leggi vigenti;<br \/>\n3) finalit\u00e0 di marketing \/ ricerche di mercato.<\/p>\n<\/div><\/section><\/div><div class=\"flex_column av_one_fifth  flex_column_div av-zero-column-padding   \" style='border-radius:0px; '><\/div><div class=\"flex_column av_one_fifth  flex_column_div av-zero-column-padding first  \" style='border-radius:0px; '><\/div><div class=\"flex_column av_three_fifth  flex_column_div av-zero-column-padding   \" style='border-radius:0px; '><section class=\"av_textblock_section \"  itemscope=\"itemscope\" itemtype=\"https:\/\/schema.org\/CreativeWork\" ><div class='avia_textblock  av_inherit_color '  style='color:#000000; '  itemprop=\"text\" ><div class=\"gold\">\n<div class=\"gold\"><span style=\"color: #e0b13a;\">DIRITTI DELL&#8217;INTERESSATO<\/span><\/div>\n<p><span style=\"color: #e0b13a;\">Art. 7 D.Lgs 196\/03 (Diritti dell\u2019interessato)<\/span><\/p>\n<p>1. In relazione al trattamento di dati personali l\u2019interessato ha diritto di ottenere conferma dell\u2019esistenza o meno di dati personali che lo riguardano anche se non ancora registrati e la loro comunicazione in forma intelligibile.<br \/>\n2. L\u2019interessato ha diritto di ottenere indicazione in relazione a: a. origine dei dati; b. finalit\u00e0 del trattamento; c. logica del trattamento; d. estremi identificativi del Titolare e dei Responsabili; e. dei soggetti ai quali i dati possono essere comunicati.<br \/>\n3. L\u2019interessato ha inoltre diritto di ottenere:<br \/>\na. l\u2019aggiornamento, la rettificazione o l\u2019integrazione dei dati raccolti;<br \/>\nb. la cancellazione, la trasformazione in forma anonima o il blocco dei dati trattati in violazione della legge compresi quelli di cui non \u00e8 necessaria la conservazione in relazione agli scopi per i quali i dati sono stati raccolti o successivamente trattati;<br \/>\nc. l\u2019attestazione che le operazioni di cui ai precedenti punti sono state portate a conoscenza a coloro ai quali tali dati sono stati comunicati o diffusi, eccettuato il caso in cui tale adempimento si rivela impossibile o comporta un impiego di mezzi manifestamente sproporzionato rispetto al diritto tutelato.<br \/>\n4. L\u2019interessato ha inoltre diritto di opporsi, in tutto o in parte:<br \/>\na. per motivi legittimi al trattamento dei dati personali che lo riguardano ancorch\u00e9 pertinenti allo scopo della raccolta;<br \/>\nb. al trattamento dei dati personali che lo riguardano a fini di invio di materiale pubblicitario.<\/p>\n<\/div>\n<\/div><\/section><\/div><div class=\"flex_column av_one_fifth  flex_column_div av-zero-column-padding   \" style='border-radius:0px; '><\/div><div class=\"flex_column av_one_fifth  flex_column_div av-zero-column-padding first  \" style='border-radius:0px; '><\/div><div class=\"flex_column av_three_fifth  flex_column_div av-zero-column-padding   \" style='border-radius:0px; '><section class=\"av_textblock_section \"  itemscope=\"itemscope\" itemtype=\"https:\/\/schema.org\/CreativeWork\" ><div class='avia_textblock  av_inherit_color '  style='color:#000000; '  itemprop=\"text\" ><div class=\"gold\">\n<div class=\"gold\">\n<div class=\"gold\"><span style=\"color: #e0b13a;\">DISCLAIMER<\/span><\/div>\n<p>Le fonti utilizzate da MFM.it\u00a0 vengono fornite dagli uffici stampa\u00a0 delle Aziende e riflettono le esperienze e le opinioni degli Autori e dell\u2019Editore.<br \/>\nOgni prodotto menzionato deve essere usato in accordo con le schede tecniche fornite dalle Case Produttrici. L&#8217;Editore declina ogni responsabilit\u00e0 per l&#8217;utilizzo delle informazioni contenute su questo sito.<\/p>\n<p>Tutti i diritti di riproduzione e traduzione degli articoli sono riservati. La riproduzione, anche parziale, \u00e8 vietata con qualsiasi mezzo analogico o digitale senza il consenso scritto dell&#8217;Editore. E&#8217; consentita la copia per uso personale.<\/p>\n<p>Sono consentite citazioni dei singoli articoli a titolo di recensione giornalistica, purch\u00e8 accompagnate dal nome dell&#8217;Autore,<strong> dall&#8217;indicazione della fonte e della relativa URL: &#8220;www. mfm.it&#8221;<\/strong>, I link esterni e le Immagini tratte da altri siti sono propriet\u00e0 dei rispettivi Autori e sono citate a scopo di informazione , o recensione giornalistica. L&#8217;Editore, che ha posto ogni cura nel citare correttamente la fonte, si dichiara disponibile a pubblicare eventuali rettifiche per involontarie citazioni improprie.<\/p>\n<\/div>\n<\/div>\n<\/div><\/section><\/div><div class=\"flex_column av_one_fifth  flex_column_div av-zero-column-padding   \" style='border-radius:0px; '><\/div><div class=\"flex_column av_one_fifth  flex_column_div av-zero-column-padding first  \" style='border-radius:0px; '><\/div><div class=\"flex_column av_three_fifth  flex_column_div av-zero-column-padding   \" style='border-radius:0px; '><section class=\"av_textblock_section \"  itemscope=\"itemscope\" itemtype=\"https:\/\/schema.org\/CreativeWork\" ><div class='avia_textblock  av_inherit_color '  style='color:#000000; '  itemprop=\"text\" ><div class=\"gold\">\n<div class=\"gold\">\n<div class=\"gold\">\n<div class=\"gold\"><span style=\"color: #e0b13a;\">DIRITTO D&#8217;AUTORE SULLE IMMAGINI FOTOGRAFICHE<\/span><\/div>\n<p>Ai sensi del comma 2 dell&#8217;art. 90 della L. 22 aprile 1941, n. 633 le immagini fotografiche riprodotte in questo sito sono state fornite dagli uffici stampa delle aziende contattate\u00a0 e non \u00e8 stata trovata traccia delle informazioni previste dalla gi\u00e0 citata legge: Il nome del fotografo o dei datori di lavoro o del committente (dunque di chi detiene i diritti di utilizzazione economica), La data dell&#8217;anno di produzione della fotografia, Il nome dell&#8217;autore dell&#8217;opera d&#8217;arte fotografata.<\/p>\n<p>Si \u00e8 pertanto proceduto alla riproduzione in buona fede e, qualora i proprietari dei legittimi diritti ne facciano richiesta la riproduzione sar\u00e0 sospesa immediatamente.<\/p>\n<\/div>\n<\/div>\n<\/div>\n<\/div><\/section><\/div><div class=\"flex_column av_one_fifth  flex_column_div av-zero-column-padding   \" style='border-radius:0px; '><\/div>\n","protected":false},"excerpt":{"rendered":"","protected":false},"author":1,"featured_media":0,"parent":0,"menu_order":0,"comment_status":"closed","ping_status":"closed","template":"","meta":{"footnotes":""},"class_list":["post-29498","page","type-page","status-publish","hentry"],"yoast_head":"<!-- This site is optimized with the Yoast SEO plugin v27.4 - https:\/\/yoast.com\/product\/yoast-seo-wordpress\/ -->\n<title>TERMS &amp; CONDITIONS - ENG - MFM MUSIC FASHION MUST<\/title>\n<meta name=\"robots\" content=\"index, follow, max-snippet:-1, max-image-preview:large, max-video-preview:-1\" \/>\n<link rel=\"canonical\" href=\"https:\/\/www.mfm.it\/en\/terms-conditions\/\" \/>\n<meta property=\"og:locale\" content=\"en_US\" \/>\n<meta property=\"og:type\" content=\"article\" \/>\n<meta property=\"og:title\" content=\"TERMS &amp; CONDITIONS - ENG - MFM MUSIC FASHION MUST\" \/>\n<meta property=\"og:url\" content=\"https:\/\/www.mfm.it\/en\/terms-conditions\/\" \/>\n<meta property=\"og:site_name\" content=\"MFM MUSIC FASHION MUST\" \/>\n<meta property=\"article:publisher\" content=\"https:\/\/www.facebook.com\/MFM.luxury\/\" \/>\n<meta property=\"article:modified_time\" content=\"2022-09-06T18:35:30+00:00\" \/>\n<meta name=\"twitter:card\" content=\"summary_large_image\" \/>\n<meta name=\"twitter:label1\" content=\"Est. reading time\" \/>\n\t<meta name=\"twitter:data1\" content=\"7 minutes\" \/>\n<script type=\"application\/ld+json\" class=\"yoast-schema-graph\">{\"@context\":\"https:\\\/\\\/schema.org\",\"@graph\":[{\"@type\":\"WebPage\",\"@id\":\"https:\\\/\\\/www.mfm.it\\\/en\\\/terms-conditions\\\/\",\"url\":\"https:\\\/\\\/www.mfm.it\\\/en\\\/terms-conditions\\\/\",\"name\":\"TERMS & CONDITIONS - ENG - MFM MUSIC FASHION MUST\",\"isPartOf\":{\"@id\":\"https:\\\/\\\/www.mfm.it\\\/en\\\/#website\"},\"datePublished\":\"2017-02-14T16:35:31+00:00\",\"dateModified\":\"2022-09-06T18:35:30+00:00\",\"breadcrumb\":{\"@id\":\"https:\\\/\\\/www.mfm.it\\\/en\\\/terms-conditions\\\/#breadcrumb\"},\"inLanguage\":\"en-US\",\"potentialAction\":[{\"@type\":\"ReadAction\",\"target\":[\"https:\\\/\\\/www.mfm.it\\\/en\\\/terms-conditions\\\/\"]}]},{\"@type\":\"BreadcrumbList\",\"@id\":\"https:\\\/\\\/www.mfm.it\\\/en\\\/terms-conditions\\\/#breadcrumb\",\"itemListElement\":[{\"@type\":\"ListItem\",\"position\":1,\"name\":\"Home\",\"item\":\"https:\\\/\\\/www.mfm.it\\\/en\\\/\"},{\"@type\":\"ListItem\",\"position\":2,\"name\":\"TERMS &#038; CONDITIONS &#8211; ENG\"}]},{\"@type\":\"WebSite\",\"@id\":\"https:\\\/\\\/www.mfm.it\\\/en\\\/#website\",\"url\":\"https:\\\/\\\/www.mfm.it\\\/en\\\/\",\"name\":\"MFM MUSIC FASHION MUST\",\"description\":\"MFM MUSIC FASHION MUST\",\"publisher\":{\"@id\":\"https:\\\/\\\/www.mfm.it\\\/en\\\/#organization\"},\"potentialAction\":[{\"@type\":\"SearchAction\",\"target\":{\"@type\":\"EntryPoint\",\"urlTemplate\":\"https:\\\/\\\/www.mfm.it\\\/en\\\/?s={search_term_string}\"},\"query-input\":{\"@type\":\"PropertyValueSpecification\",\"valueRequired\":true,\"valueName\":\"search_term_string\"}}],\"inLanguage\":\"en-US\"},{\"@type\":\"Organization\",\"@id\":\"https:\\\/\\\/www.mfm.it\\\/en\\\/#organization\",\"name\":\"MFM MUSIC FASHION MUST\",\"url\":\"https:\\\/\\\/www.mfm.it\\\/en\\\/\",\"logo\":{\"@type\":\"ImageObject\",\"inLanguage\":\"en-US\",\"@id\":\"https:\\\/\\\/www.mfm.it\\\/en\\\/#\\\/schema\\\/logo\\\/image\\\/\",\"url\":\"https:\\\/\\\/www.mfm.it\\\/wp-content\\\/uploads\\\/2022\\\/11\\\/mfm-logo.png\",\"contentUrl\":\"https:\\\/\\\/www.mfm.it\\\/wp-content\\\/uploads\\\/2022\\\/11\\\/mfm-logo.png\",\"width\":80,\"height\":88,\"caption\":\"MFM MUSIC FASHION MUST\"},\"image\":{\"@id\":\"https:\\\/\\\/www.mfm.it\\\/en\\\/#\\\/schema\\\/logo\\\/image\\\/\"},\"sameAs\":[\"https:\\\/\\\/www.facebook.com\\\/MFM.luxury\\\/\",\"https:\\\/\\\/instagram.com\\\/MFM.luxury\\\/\",\"https:\\\/\\\/www.youtube.com\\\/channel\\\/UCZlKSM18P6X-FEeadLsLlGw\"]}]}<\/script>\n<!-- \/ Yoast SEO plugin. -->","yoast_head_json":{"title":"TERMS & CONDITIONS - ENG - MFM MUSIC FASHION MUST","robots":{"index":"index","follow":"follow","max-snippet":"max-snippet:-1","max-image-preview":"max-image-preview:large","max-video-preview":"max-video-preview:-1"},"canonical":"https:\/\/www.mfm.it\/en\/terms-conditions\/","og_locale":"en_US","og_type":"article","og_title":"TERMS & CONDITIONS - ENG - MFM MUSIC FASHION MUST","og_url":"https:\/\/www.mfm.it\/en\/terms-conditions\/","og_site_name":"MFM MUSIC FASHION MUST","article_publisher":"https:\/\/www.facebook.com\/MFM.luxury\/","article_modified_time":"2022-09-06T18:35:30+00:00","twitter_card":"summary_large_image","twitter_misc":{"Est. reading time":"7 minutes"},"schema":{"@context":"https:\/\/schema.org","@graph":[{"@type":"WebPage","@id":"https:\/\/www.mfm.it\/en\/terms-conditions\/","url":"https:\/\/www.mfm.it\/en\/terms-conditions\/","name":"TERMS & CONDITIONS - ENG - MFM MUSIC FASHION MUST","isPartOf":{"@id":"https:\/\/www.mfm.it\/en\/#website"},"datePublished":"2017-02-14T16:35:31+00:00","dateModified":"2022-09-06T18:35:30+00:00","breadcrumb":{"@id":"https:\/\/www.mfm.it\/en\/terms-conditions\/#breadcrumb"},"inLanguage":"en-US","potentialAction":[{"@type":"ReadAction","target":["https:\/\/www.mfm.it\/en\/terms-conditions\/"]}]},{"@type":"BreadcrumbList","@id":"https:\/\/www.mfm.it\/en\/terms-conditions\/#breadcrumb","itemListElement":[{"@type":"ListItem","position":1,"name":"Home","item":"https:\/\/www.mfm.it\/en\/"},{"@type":"ListItem","position":2,"name":"TERMS &#038; CONDITIONS &#8211; ENG"}]},{"@type":"WebSite","@id":"https:\/\/www.mfm.it\/en\/#website","url":"https:\/\/www.mfm.it\/en\/","name":"MFM MUSIC FASHION MUST","description":"MFM MUSIC FASHION MUST","publisher":{"@id":"https:\/\/www.mfm.it\/en\/#organization"},"potentialAction":[{"@type":"SearchAction","target":{"@type":"EntryPoint","urlTemplate":"https:\/\/www.mfm.it\/en\/?s={search_term_string}"},"query-input":{"@type":"PropertyValueSpecification","valueRequired":true,"valueName":"search_term_string"}}],"inLanguage":"en-US"},{"@type":"Organization","@id":"https:\/\/www.mfm.it\/en\/#organization","name":"MFM MUSIC FASHION MUST","url":"https:\/\/www.mfm.it\/en\/","logo":{"@type":"ImageObject","inLanguage":"en-US","@id":"https:\/\/www.mfm.it\/en\/#\/schema\/logo\/image\/","url":"https:\/\/www.mfm.it\/wp-content\/uploads\/2022\/11\/mfm-logo.png","contentUrl":"https:\/\/www.mfm.it\/wp-content\/uploads\/2022\/11\/mfm-logo.png","width":80,"height":88,"caption":"MFM MUSIC FASHION MUST"},"image":{"@id":"https:\/\/www.mfm.it\/en\/#\/schema\/logo\/image\/"},"sameAs":["https:\/\/www.facebook.com\/MFM.luxury\/","https:\/\/instagram.com\/MFM.luxury\/","https:\/\/www.youtube.com\/channel\/UCZlKSM18P6X-FEeadLsLlGw"]}]}},"_links":{"self":[{"href":"https:\/\/www.mfm.it\/en\/wp-json\/wp\/v2\/pages\/29498","targetHints":{"allow":["GET"]}}],"collection":[{"href":"https:\/\/www.mfm.it\/en\/wp-json\/wp\/v2\/pages"}],"about":[{"href":"https:\/\/www.mfm.it\/en\/wp-json\/wp\/v2\/types\/page"}],"author":[{"embeddable":true,"href":"https:\/\/www.mfm.it\/en\/wp-json\/wp\/v2\/users\/1"}],"replies":[{"embeddable":true,"href":"https:\/\/www.mfm.it\/en\/wp-json\/wp\/v2\/comments?post=29498"}],"version-history":[{"count":0,"href":"https:\/\/www.mfm.it\/en\/wp-json\/wp\/v2\/pages\/29498\/revisions"}],"wp:attachment":[{"href":"https:\/\/www.mfm.it\/en\/wp-json\/wp\/v2\/media?parent=29498"}],"curies":[{"name":"wp","href":"https:\/\/api.w.org\/{rel}","templated":true}]}}